{"id":10,"date":"2023-07-23T15:24:14","date_gmt":"2023-07-23T13:24:14","guid":{"rendered":"https:\/\/dyrektorzy.oeiizk.waw.pl\/2023\/?page_id=10"},"modified":"2024-07-12T12:14:03","modified_gmt":"2024-07-12T10:14:03","slug":"dyrektor-4-0-we-wspolczesnej-szkole","status":"publish","type":"page","link":"https:\/\/dyrektorzy.oeiizk.waw.pl\/2023\/","title":{"rendered":"Dyrektor 4.0 we wsp\u00f3\u0142czesnej szkole\u00a0"},"content":{"rendered":"\n<h2 class=\"wp-block-heading\">Dyrektor 4.0 we wsp\u00f3\u0142czesnej szkole&nbsp;(<mark style=\"background-color:rgba(0, 0, 0, 0)\" class=\"has-inline-color has-vivid-red-color\">Edycja 2023<\/mark>)<\/h2>\n\n\n\n<p>&#8212;&#8211;<br><mark style=\"background-color:rgba(0, 0, 0, 0)\" class=\"has-inline-color has-vivid-red-color\"><strong>UWAGA: To jest archiwalna strona pierwszej edycji konferencji<\/strong><\/mark><br><strong><a href=\"https:\/\/dyrektorzy.oeiizk.waw.pl\">>>> Przejd\u017a do bie\u017c\u0105cej edycji &lt;&lt;&lt;<\/a><\/strong><br>&#8212;&#8211;<\/p>\n\n\n\n<p>Zapraszamy na konferencj\u0119&nbsp;<strong>Dyrektor 4.0 we wsp\u00f3\u0142czesnej szkole,<\/strong>&nbsp;kt\u00f3ra&nbsp;jest skierowana&nbsp;do dyrektor\u00f3w wszystkich typ\u00f3w szk\u00f3\u0142 wojew\u00f3dztwa mazowieckiego zainteresowanych stosowaniem nowoczesnych technologii w edukacji.&nbsp;Wyk\u0142ady poprowadz\u0105 specjali\u015bci z O\u015brodka Edukacji Informatycznej i Zastosowa\u0144 Komputer\u00f3w w Warszawie.<\/p>\n\n\n\n<p>W czasie konferencji podczas przerw, poza kaw\u0105 i obiadem b\u0119dzie mo\u017cliwo\u015b\u0107 odwiedzenia stoisk partnerskich i porozmawiania na temat rozwi\u0105za\u0144 zwi\u0105zanych z omawian\u0105 podczas wyst\u0105pie\u0144 tematyk\u0105. <\/p>\n\n\n\n<p>Konferencja to tak\u017ce okazja odwiedzenia stoiska O\u015brodka Edukacji Informatycznej i Zastosowa\u0144 Komputer\u00f3w oraz poznanie oferty bezp\u0142atnych szkole\u0144, warsztat\u00f3w oraz konferencji przygotowanych na zbli\u017caj\u0105cy si\u0119 rok szkolny oraz porozmawiania z naszymi nauczycielami &#8211; konsultantami.<\/p>\n\n\n\n<h2 class=\"wp-block-heading\"><strong>Cele<\/strong><\/h2>\n\n\n\n<p>G\u0142\u00f3wne cele konferencji to:\u202f&nbsp;<\/p>\n\n\n\n<ul class=\"wp-block-list\">\n<li>promowanie roli dyrektora jako lidera w przygotowaniu szko\u0142y do funkcjonowania w\u202fspo\u0142ecze\u0144stwie cyfrowym,\u202f&nbsp;<\/li>\n\n\n\n<li>wzmocnienie istniej\u0105cych rozwi\u0105za\u0144 oraz wskazanie nowych mo\u017cliwo\u015bci zastosowania narz\u0119dzi TIK w codziennej pracy szko\u0142y,\u202f&nbsp;<\/li>\n\n\n\n<li>wymiana do\u015bwiadcze\u0144 dotycz\u0105cych wykorzystania nowoczesnych narz\u0119dzi zarz\u0105dzania w o\u015bwiacie,\u202f&nbsp;<\/li>\n\n\n\n<li>zaprezentowanie inspiruj\u0105cych przyk\u0142ad\u00f3w zastosowania rozwi\u0105za\u0144 chmurowych w\u202fpracy szko\u0142y.\u202f&nbsp;<\/li>\n<\/ul>\n\n\n\n<h2 class=\"wp-block-heading\"><strong>Termin i miejsce<\/strong><\/h2>\n\n\n\n<h3 class=\"wp-block-heading\"><strong>Edycja &#8211; Warszawa <\/strong>(zako\u0144czona)<\/h3>\n\n\n\n<p>Edycja warszawska konferencji:&nbsp;<strong>20 wrze\u015bnia 2023 r.&nbsp;<\/strong>(\u015broda),<strong>&nbsp;<\/strong>w Polsko-Japo\u0144skiej Akademii Technik Komputerowych, ul. Koszykowa 86, aula A1 (nowy budynek), w godzinach <strong>10:30\u201314:00<\/strong>.<\/p>\n\n\n\n<h3 class=\"wp-block-heading\"><strong>Edycja &#8211; Bia\u0142obrzegi<\/strong> (zako\u0144czona)<\/h3>\n\n\n\n<p>Edycja bia\u0142obrzeska konferencji: <strong>4 pa\u017adziernika 2023 r.<\/strong> (\u015broda),&nbsp;w<strong> <\/strong>hali widowiskowo-sportowej przy Liceum Og\u00f3lnokszta\u0142c\u0105cym im. Armii Krajowej ul. W. Reymonta 13a w Bia\u0142obrzegach, w godzinach <strong>10:30\u201314:00<\/strong>.<\/p>\n\n\n\n<h3 class=\"wp-block-heading\"><strong>Edycja &#8211; M\u0142awa<\/strong> (trwaj\u0105 zapisy)<\/h3>\n\n\n\n<p>Edycja bia\u0142obrzeska konferencji: <strong>15 grudnia 2023 r.<\/strong> (pi\u0105tek),&nbsp;Akademickim Centrum&nbsp;Kszta\u0142cenia&nbsp;przy&nbsp;Pa\u0144stwowej&nbsp;Uczelni Zawodowej przy ul. Warszawskiej 52 w&nbsp;M\u0142awie,&nbsp;w godzinach 11:00\u201314:30.<\/p>\n\n\n\n<p><strong>&gt;&gt;<a href=\"https:\/\/dyrektorzy.oeiizk.waw.pl\/2023\/2023\/08\/31\/rejestracja-zamknieta\/\">Rejestracja na konferencj\u0119 (edycja M\u0142awa).<\/a><\/strong><\/p>\n\n\n\n<h3 class=\"wp-block-heading\">Odp\u0142atno\u015b\u0107<\/h3>\n\n\n\n<p>Udzia\u0142 w konferencji jest<strong>&nbsp;bezp\u0142atny<\/strong>.<\/p>\n\n\n\n<h2 class=\"wp-block-heading\">Organizator<\/h2>\n\n\n\n<p>Organizatorem konferencji jest <a href=\"http:\/\/oeiizk.waw.pl\" target=\"_blank\" rel=\"noreferrer noopener\">O\u015brodek Edukacji Informatycznej i Zastosowa\u0144 Komputer\u00f3w w Warszawie<\/a>.<\/p>\n\n\n\n<figure class=\"wp-block-embed is-type-video is-provider-youtube wp-block-embed-youtube wp-embed-aspect-16-9 wp-has-aspect-ratio\"><div class=\"wp-block-embed__wrapper\">\n<iframe loading=\"lazy\" title=\"Zaproszenie - Konferencja \u201eDyrektor 4.0 we wsp\u00f3\u0142czesnej szkole\u201d\" width=\"500\" height=\"281\" src=\"https:\/\/www.youtube.com\/embed\/Vl0EgiMxpec?feature=oembed\" frameborder=\"0\" allow=\"accelerometer; autoplay; clipboard-write; encrypted-media; gyroscope; picture-in-picture; web-share\" referrerpolicy=\"strict-origin-when-cross-origin\" allowfullscreen><\/iframe>\n<\/div><\/figure>\n","protected":false},"excerpt":{"rendered":"<p>Dyrektor 4.0 we wsp\u00f3\u0142czesnej szkole&nbsp;(Edycja 2023) &#8212;&#8211;UWAGA: To jest archiwalna strona pierwszej edycji konferencji>>> Przejd\u017a do bie\u017c\u0105cej edycji &lt;&lt;&lt;&#8212;&#8211; Zapraszamy na konferencj\u0119&nbsp;Dyrektor 4.0 we wsp\u00f3\u0142czesnej szkole,&nbsp;kt\u00f3ra&nbsp;jest skierowana&nbsp;do dyrektor\u00f3w wszystkich typ\u00f3w szk\u00f3\u0142 wojew\u00f3dztwa mazowieckiego zainteresowanych stosowaniem nowoczesnych technologii w edukacji.&nbsp;Wyk\u0142ady poprowadz\u0105 specjali\u015bci z O\u015brodka Edukacji Informatycznej i Zastosowa\u0144 Komputer\u00f3w w Warszawie. W czasie konferencji podczas przerw, [&hellip;]<\/p>\n","protected":false},"author":1,"featured_media":0,"parent":0,"menu_order":0,"comment_status":"closed","ping_status":"closed","template":"","meta":{"footnotes":""},"class_list":["post-10","page","type-page","status-publish","hentry"],"_links":{"self":[{"href":"https:\/\/dyrektorzy.oeiizk.waw.pl\/2023\/wp-json\/wp\/v2\/pages\/10","targetHints":{"allow":["GET"]}}],"collection":[{"href":"https:\/\/dyrektorzy.oeiizk.waw.pl\/2023\/wp-json\/wp\/v2\/pages"}],"about":[{"href":"https:\/\/dyrektorzy.oeiizk.waw.pl\/2023\/wp-json\/wp\/v2\/types\/page"}],"author":[{"embeddable":true,"href":"https:\/\/dyrektorzy.oeiizk.waw.pl\/2023\/wp-json\/wp\/v2\/users\/1"}],"replies":[{"embeddable":true,"href":"https:\/\/dyrektorzy.oeiizk.waw.pl\/2023\/wp-json\/wp\/v2\/comments?post=10"}],"version-history":[{"count":23,"href":"https:\/\/dyrektorzy.oeiizk.waw.pl\/2023\/wp-json\/wp\/v2\/pages\/10\/revisions"}],"predecessor-version":[{"id":289,"href":"https:\/\/dyrektorzy.oeiizk.waw.pl\/2023\/wp-json\/wp\/v2\/pages\/10\/revisions\/289"}],"wp:attachment":[{"href":"https:\/\/dyrektorzy.oeiizk.waw.pl\/2023\/wp-json\/wp\/v2\/media?parent=10"}],"curies":[{"name":"wp","href":"https:\/\/api.w.org\/{rel}","templated":true}]}}