{"id":10,"date":"2023-07-23T15:24:14","date_gmt":"2023-07-23T13:24:14","guid":{"rendered":"https:\/\/dyrektorzy.oeiizk.waw.pl\/2024\/?page_id=10"},"modified":"2025-06-24T18:42:57","modified_gmt":"2025-06-24T16:42:57","slug":"dyrektor-4-0-we-wspolczesnej-szkole","status":"publish","type":"page","link":"https:\/\/dyrektorzy.oeiizk.waw.pl\/2024\/","title":{"rendered":"Dyrektor 4.0 we wsp\u00f3\u0142czesnej szkole\u00a0(edycja 2024)"},"content":{"rendered":"\n<h2 class=\"wp-block-heading has-black-color has-text-color has-link-color wp-elements-1f79d2c629b218579e5c14d1a11f6b5e\">Dyrektor 4.0 we wsp\u00f3\u0142czesnej szkole (edycja 2024)\u00a0<\/h2>\n\n\n\n<p class=\"has-vivid-red-color has-white-background-color has-text-color has-background has-link-color wp-elements-b56e915b17669ff539723ef866f80686\">\u2014\u2013<br><strong>UWAGA: To jest archiwalna strona  konferencji<\/strong> z 2024 roku<br><strong><a href=\"https:\/\/dyrektorzy.oeiizk.waw.pl\">>>> Przejd\u017a do bie\u017c\u0105cej edycji &lt;&lt;&lt;<\/a><\/strong><br>\u2014\u2013<\/p>\n\n\n\n<p>Zapraszamy na drug\u0105 edycj\u0119 konferencji <strong>Dyrektor 4.0 we wsp\u00f3\u0142czesnej szkole<\/strong>, kt\u00f3ra&nbsp;jest skierowana do dyrektor\u00f3w wszystkich typ\u00f3w szk\u00f3\u0142 wojew\u00f3dztwa mazowieckiego zainteresowanych stosowaniem nowoczesnych technologii w edukacji.&nbsp;<\/p>\n\n\n\n<h2 class=\"wp-block-heading\">Cele<\/h2>\n\n\n\n<p>G\u0142\u00f3wne cele konferencji to:<\/p>\n\n\n\n<ul class=\"wp-block-list\">\n<li>wsparcie dyrektor\u00f3w plac\u00f3wek o\u015bwiatowych w cyfrowej transformacji szko\u0142y,<\/li>\n\n\n\n<li>wskazanie rozwi\u0105za\u0144 i kierunk\u00f3w rozwoju nowoczesnej edukacji,<\/li>\n\n\n\n<li>wzmocnienie istniej\u0105cych rozwi\u0105za\u0144 oraz przedstawienie nowych mo\u017cliwo\u015bci zastosowania narz\u0119dzi TIK w codziennej pracy szko\u0142y,<\/li>\n\n\n\n<li>wymiana do\u015bwiadcze\u0144 dotycz\u0105cych zarz\u0105dzania plac\u00f3wk\u0105 z wykorzystaniem najnowszych trend\u00f3w,<\/li>\n\n\n\n<li>zaprezentowanie inspiruj\u0105cych przyk\u0142ad\u00f3w wykorzystania nowych technologii do wzmocnienia umiej\u0119tno\u015bci, wiedzy i roli spo\u0142ecznej nauczycieli.<\/li>\n<\/ul>\n\n\n\n<h2 class=\"wp-block-heading\">Termin i miejsce<\/h2>\n\n\n\n<p>Konferencja odb\u0119dzie si\u0119 <strong>11 wrze\u015bnia 2024 r. <\/strong>(\u015broda) w Polsko-Japo\u0144skiej Akademii Technik Komputerowych, ul. Koszykowa 86, aula A1 (nowy budynek) w godzinach 10:30\u201315:30.<\/p>\n\n\n\n<h3 class=\"wp-block-heading\"><\/h3>\n\n\n\n<h2 class=\"wp-block-heading\">Odp\u0142atno\u015b\u0107<\/h2>\n\n\n\n<p>Udzia\u0142 w konferencji jest<strong>&nbsp;bezp\u0142atny<\/strong>.<\/p>\n\n\n\n<h2 class=\"wp-block-heading\">Organizator<\/h2>\n\n\n\n<p>Organizatorem konferencji jest <a href=\"http:\/\/oeiizk.waw.pl\" target=\"_blank\" rel=\"noreferrer noopener\">O\u015brodek Edukacji Informatycznej i Zastosowa\u0144 Komputer\u00f3w w Warszawie<\/a>.<\/p>\n","protected":false},"excerpt":{"rendered":"<p>Dyrektor 4.0 we wsp\u00f3\u0142czesnej szkole (edycja 2024)\u00a0 \u2014\u2013UWAGA: To jest archiwalna strona konferencji z 2024 roku>>> Przejd\u017a do bie\u017c\u0105cej edycji &lt;&lt;&lt;\u2014\u2013 Zapraszamy na drug\u0105 edycj\u0119 konferencji Dyrektor 4.0 we wsp\u00f3\u0142czesnej szkole, kt\u00f3ra&nbsp;jest skierowana do dyrektor\u00f3w wszystkich typ\u00f3w szk\u00f3\u0142 wojew\u00f3dztwa mazowieckiego zainteresowanych stosowaniem nowoczesnych technologii w edukacji.&nbsp; Cele G\u0142\u00f3wne cele konferencji to: Termin i miejsce Konferencja [&hellip;]<\/p>\n","protected":false},"author":1,"featured_media":0,"parent":0,"menu_order":0,"comment_status":"closed","ping_status":"closed","template":"","meta":{"footnotes":""},"class_list":["post-10","page","type-page","status-publish","hentry"],"_links":{"self":[{"href":"https:\/\/dyrektorzy.oeiizk.waw.pl\/2024\/wp-json\/wp\/v2\/pages\/10","targetHints":{"allow":["GET"]}}],"collection":[{"href":"https:\/\/dyrektorzy.oeiizk.waw.pl\/2024\/wp-json\/wp\/v2\/pages"}],"about":[{"href":"https:\/\/dyrektorzy.oeiizk.waw.pl\/2024\/wp-json\/wp\/v2\/types\/page"}],"author":[{"embeddable":true,"href":"https:\/\/dyrektorzy.oeiizk.waw.pl\/2024\/wp-json\/wp\/v2\/users\/1"}],"replies":[{"embeddable":true,"href":"https:\/\/dyrektorzy.oeiizk.waw.pl\/2024\/wp-json\/wp\/v2\/comments?post=10"}],"version-history":[{"count":25,"href":"https:\/\/dyrektorzy.oeiizk.waw.pl\/2024\/wp-json\/wp\/v2\/pages\/10\/revisions"}],"predecessor-version":[{"id":462,"href":"https:\/\/dyrektorzy.oeiizk.waw.pl\/2024\/wp-json\/wp\/v2\/pages\/10\/revisions\/462"}],"wp:attachment":[{"href":"https:\/\/dyrektorzy.oeiizk.waw.pl\/2024\/wp-json\/wp\/v2\/media?parent=10"}],"curies":[{"name":"wp","href":"https:\/\/api.w.org\/{rel}","templated":true}]}}