{"id":123,"date":"2024-07-12T11:57:17","date_gmt":"2024-07-12T09:57:17","guid":{"rendered":"https:\/\/dyrektorzy.oeiizk.waw.pl\/2024\/?page_id=123"},"modified":"2025-04-02T15:09:13","modified_gmt":"2025-04-02T13:09:13","slug":"deklaracja-dostepnosci","status":"publish","type":"page","link":"https:\/\/dyrektorzy.oeiizk.waw.pl\/2024\/deklaracja-dostepnosci\/","title":{"rendered":"Deklaracja Dost\u0119pno\u015bci"},"content":{"rendered":"\n<p id=\"a11y-wstep\"><span id=\"a11y-podmiot\">O\u015brodek Edukacji Informatycznej i Zastosowa\u0144 Komputer\u00f3w w Warszawie<\/span> zobowi\u0105zuje si\u0119 zapewni\u0107 dost\u0119pno\u015b\u0107 swojej <span id=\"a11y-zakres\">strony internetowej<\/span> zgodnie z ustaw\u0105 z dnia 4 kwietnia 2019 r. o dost\u0119pno\u015bci cyfrowej stron internetowych i aplikacji mobilnych podmiot\u00f3w publicznych. Deklaracja dost\u0119pno\u015bci dotyczy strony  <a id=\"a11y-url\" title=\"Strona konferencji Dyrektor 4.0. Otwiera si\u0119 w nowym oknie.\" href=\"https:\/\/dyrektorzy.oeiizk.waw.pl\/2024\" target=\"_blank\" rel=\"noopener\">https:\/\/dyrektorzy.oeiizk.waw.pl<\/a>.<\/p>\n\n\n\n<ul class=\"wp-block-list\">\n<li>Data publikacji strony internetowej: <time id=\"a11y-data-publikacja\" datetime=\"2024-07-12\">12 lipca 2024 r.<\/time><\/li>\n\n\n\n<li>Data ostatniej istotnej aktualizacji: <time id=\"a11y-data-aktualizacja\" datetime=\"2024-07-12\">12 lipca 2024 r.<\/time><\/li>\n<\/ul>\n\n\n\n<h2 class=\"wp-block-heading\">Stan dost\u0119pno\u015bci cyfrowej<\/h2>\n\n\n\n<p id=\"a11y-status\">Ta strona internetowa jest cz\u0119\u015bciowo zgodna z za\u0142\u0105cznikiem do ustawy o dost\u0119pno\u015bci cyfrowej z dnia 4 kwietnia 2019 r. o dost\u0119pno\u015bci cyfrowej stron internetowych i aplikacji mobilnych podmiot\u00f3w publicznych z powodu [niezgodno\u015bci i wy\u0142\u0105cze\u0144] wymienionych poni\u017cej.<\/p>\n\n\n\n<h2>Niedost\u0119pne tre\u015bci<\/h2>\n\n\n\n<h3>Niezgodno\u015b\u0107 z za\u0142\u0105cznikiem<\/h3>\n\n\n\n<ul class=\"wp-block-list\">\n<li>Formularze rejestracji Office 365 s\u0105 cz\u0119\u015bciowo dost\u0119pne cyfrowo<\/li>\n\n\n\n<li>Niekt\u00f3re materia\u0142y graficzne nie s\u0105 opatrzone tekstem alternatywnym<\/li>\n\n\n\n<li>Brak informacji o otwieraniu odno\u015bnik\u00f3w w nowym oknie<\/li>\n<\/ul>\n\n\n\n<h2 class=\"wp-block-heading\"><strong>Przygotowanie deklaracji dost\u0119pno\u015bci<\/strong><\/h2>\n\n\n\n<ul class=\"wp-block-list\">\n<li>Data sporz\u0105dzenia deklaracji: <time id=\"a11y-data-sporzadzenie\" datetime=\"2024-07-12\">12 lipca 2024 r.<\/time><\/li>\n\n\n\n<li><time id=\"a11y-data-przeglad\" datetime=\"2024-03-21\">Data ostatniego przegl\u0105du deklaracji:&nbsp;29 marca 2025 r.<\/time><\/li>\n<\/ul>\n\n\n\n<p>Deklaracj\u0119 sporz\u0105dzili\u015bmy na podstawie samooceny w oparciu o&nbsp;<a href=\"https:\/\/www.gov.pl\/attachment\/1a3e2bb5-6d60-4897-ac2f-07a8e91e70ed\">List\u0119 kontroln\u0105 do badania dost\u0119pno\u015bci cyfrowej strony internetowej v. 2.2 (docx, 0,12MB)<\/a><\/p>\n\n\n\n<h2 class=\"wp-block-heading\"><strong>Informacje zwrotne i dane kontaktowe<\/strong><\/h2>\n\n\n\n<p>Wszystkie problemy z dost\u0119pno\u015bci\u0105 cyfrow\u0105 tej strony internetowej mo\u017cesz zg\u0142osi\u0107 do <span id=\"a11y-kontakt\">Kierownika Dzia\u0142u Organizacyjnego mailowo <strong><a id=\"a11y-email\" href=\"mailto:dostepnosc@oeiizk.edu.pl\">dostepnosc@oeiizk.edu.pl<\/a><\/strong> lub telefonicznie <strong><a id=\"a11y-telefon\" href=\"tel:225794146\">+48 22 57 94 146<\/a><\/strong>.<\/span><\/p>\n\n\n\n<p>Ka\u017cdy ma prawo do wyst\u0105pienia z \u017c\u0105daniem zapewnienia dost\u0119pno\u015bci cyfrowej tej strony internetowej lub jej element\u00f3w.<\/p>\n\n\n\n<p>Zg\u0142aszaj\u0105c takie \u017c\u0105danie podaj:<\/p>\n\n\n\n<ul class=\"wp-block-list\">\n<li>swoje imi\u0119 i nazwisko,<\/li>\n\n\n\n<li>swoje dane kontaktowe (np. numer telefonu, e-mail),<\/li>\n\n\n\n<li>dok\u0142adny adres strony internetowej, na kt\u00f3rej jest niedost\u0119pny cyfrowo element lub tre\u015b\u0107,<\/li>\n\n\n\n<li>opis na czym polega problem i jaki spos\u00f3b rozwi\u0105zania by\u0142by dla Ciebie najwygodniejszy.<\/li>\n<\/ul>\n\n\n\n<p>Na Twoje zg\u0142oszenie odpowiemy najszybciej jak to mo\u017cliwe, nie p\u00f3\u017aniej ni\u017c w ci\u0105gu 7 dni od jego otrzymania.<\/p>\n\n\n\n<p>Je\u017celi ten termin b\u0119dzie dla nas zbyt kr\u00f3tki, poinformujemy Ci\u0119 o tym. W tej informacji podamy nowy termin, do kt\u00f3rego poprawimy zg\u0142oszone przez Ciebie b\u0142\u0119dy lub przygotujemy informacje w alternatywny spos\u00f3b. Ten nowy termin nie b\u0119dzie d\u0142u\u017cszy ni\u017c 2 miesi\u0105ce.<\/p>\n\n\n\n<p>Je\u017celi nie b\u0119dziemy w stanie zapewni\u0107 dost\u0119pno\u015bci cyfrowej strony internetowej lub tre\u015bci, wskazanej w Twoim \u017c\u0105daniu, zaproponujemy Ci dost\u0119p do nich w alternatywny spos\u00f3b.<\/p>\n\n\n\n<section id=\"a11y-procedura\">\n<h2 class=\"wp-block-heading\">Obs\u0142uga wniosk\u00f3w i skarg zwi\u0105zanych z dost\u0119pno\u015bci\u0105<\/h2>\n\n\n\n<p>Je\u017celi w odpowiedzi na Tw\u00f3j wniosek o zapewnienie dost\u0119pno\u015bci cyfrowej, odm\u00f3wimy zapewnienia \u017c\u0105danej przez Ciebie dost\u0119pno\u015bci cyfrowej, a Ty nie zgadzasz si\u0119 z T\u0105 odmow\u0105, masz prawo z\u0142o\u017cy\u0107 skarg\u0119.<\/p>\n\n\n\n<p>Skarg\u0119 masz prawo z\u0142o\u017cy\u0107 tak\u017ce, je\u015bli nie zgadzasz si\u0119 na skorzystanie z alternatywnego sposobu dost\u0119pu, kt\u00f3ry zaproponowali\u015bmy Ci w odpowiedzi na Tw\u00f3j wniosek o zapewnienie dost\u0119pno\u015bci cyfrowej.<\/p>\n\n\n\n<p>Ewentualn\u0105 skarg\u0119 z\u0142\u00f3\u017c listownie lub mailem do kierownictwa naszej plac\u00f3wki:<\/p>\n\n\n\n<p><span id=\"a11y-procedura-kierownik\">Jan Aleksander Wierzbicki \u2013 Dyrektor OEIiZK<\/span>,<br><span id=\"a11y-procedura-adres\">adres: ul. Raszy\u0144ska 8\/10, 02-026 Warszawa<\/span>,<br>e-mail:&nbsp;<a href=\"mailto:sekretariat@oeiizk.edu.pl\">sekretariat@oeiizk.edu.pl<\/a>.<\/p>\n\n\n\n<p><a href=\"https:\/\/www.gov.pl\/web\/gov\/zloz-wniosek-o-zapewnieniedostepnosci-cyfrowej-strony-internetowej-lub-aplikacji-mobilnej\">Pomocne mog\u0105 by\u0107 informacje, kt\u00f3re mo\u017cna znale\u017a\u0107 na rz\u0105dowym portalu gov.pl<\/a>.<\/p>\n\n\n\n<p>Mo\u017cesz tak\u017ce poinformowa\u0107 o tej sytuacji&nbsp;<a href=\"https:\/\/bip.brpo.gov.pl\/\">Rzecznika Praw Obywatelskich<\/a>&nbsp;&nbsp;i poprosi\u0107 o interwencj\u0119 w Twojej sprawie.<\/p>\n\n<\/section>\n\n<p><\/p>\n\n\n\n<h2 class=\"wp-block-heading\">Pozosta\u0142e informacje <\/h2>\n\n\n<section id=\"a11y-architektura\">\n\n<h3 class=\"wp-block-heading\"><strong>Dost\u0119pno\u015b\u0107 architektoniczna<\/strong><\/h3>\n\n\n\n<p>O\u015brodek Edukacji Informatycznej i Zastosowa\u0144 Komputer\u00f3w w Warszawie mie\u015bci si\u0119 w dw\u00f3ch r\u00f3\u017cnych lokalizacjach.<\/p>\n\n\n\n<p>Budynek&nbsp;<strong>przy ulicy Raszy\u0144skiej 8\/10 w Warszawie&nbsp;<\/strong>nie jest dostosowany do potrzeb os\u00f3b<strong>&nbsp;<\/strong>niepe\u0142nosprawnych, budynek<strong>&nbsp;przy ulicy Nowogrodzkiej 73 w Warszawie jest dostosowany do potrzeb os\u00f3b niepe\u0142nosprawnych.<\/strong>&nbsp;<a id=\"a11y-architektura-url\" href=\"https:\/\/bip.oeiizk.waw.pl\/page.php?sr=srodekh&amp;co=427\" data-type=\"link\" data-id=\"https:\/\/bip.oeiizk.waw.pl\/page.php?sr=srodekh&amp;co=427\">Szczeg\u00f3\u0142owy opis dostosowania naszych siedzib.<\/a><\/p>\n\n<\/section>\n\n<section id=\"a11y-komunikacja\">\n\n<h3 class=\"wp-block-heading\"><strong><strong>Dost\u0119pno\u015b\u0107 komunikacyjno-informacyjna<\/strong><\/strong><\/h3>\n\n\n\n<p>Brak mo\u017cliwo\u015bci skorzystania z t\u0142umacza j\u0119zyka migowego w obydwu budynkach.<\/p>\n\n\n\n<p>Brak p\u0119tli indukcyjnych w obydwu budynkach.<\/p>\n\n<\/section>\n\n<p><\/p>\n","protected":false},"excerpt":{"rendered":"<p>O\u015brodek Edukacji Informatycznej i Zastosowa\u0144 Komputer\u00f3w w Warszawie zobowi\u0105zuje si\u0119 zapewni\u0107 dost\u0119pno\u015b\u0107 swojej strony internetowej zgodnie z ustaw\u0105 z dnia 4 kwietnia 2019 r. o dost\u0119pno\u015bci cyfrowej stron internetowych i aplikacji mobilnych podmiot\u00f3w publicznych. Deklaracja dost\u0119pno\u015bci dotyczy strony https:\/\/dyrektorzy.oeiizk.waw.pl. Stan dost\u0119pno\u015bci cyfrowej Ta strona internetowa jest cz\u0119\u015bciowo zgodna z za\u0142\u0105cznikiem do ustawy o dost\u0119pno\u015bci cyfrowej [&hellip;]<\/p>\n","protected":false},"author":1,"featured_media":0,"parent":0,"menu_order":0,"comment_status":"closed","ping_status":"closed","template":"templates\/page-deklaracja.php","meta":{"footnotes":""},"class_list":["post-123","page","type-page","status-publish","hentry"],"_links":{"self":[{"href":"https:\/\/dyrektorzy.oeiizk.waw.pl\/2024\/wp-json\/wp\/v2\/pages\/123","targetHints":{"allow":["GET"]}}],"collection":[{"href":"https:\/\/dyrektorzy.oeiizk.waw.pl\/2024\/wp-json\/wp\/v2\/pages"}],"about":[{"href":"https:\/\/dyrektorzy.oeiizk.waw.pl\/2024\/wp-json\/wp\/v2\/types\/page"}],"author":[{"embeddable":true,"href":"https:\/\/dyrektorzy.oeiizk.waw.pl\/2024\/wp-json\/wp\/v2\/users\/1"}],"replies":[{"embeddable":true,"href":"https:\/\/dyrektorzy.oeiizk.waw.pl\/2024\/wp-json\/wp\/v2\/comments?post=123"}],"version-history":[{"count":12,"href":"https:\/\/dyrektorzy.oeiizk.waw.pl\/2024\/wp-json\/wp\/v2\/pages\/123\/revisions"}],"predecessor-version":[{"id":453,"href":"https:\/\/dyrektorzy.oeiizk.waw.pl\/2024\/wp-json\/wp\/v2\/pages\/123\/revisions\/453"}],"wp:attachment":[{"href":"https:\/\/dyrektorzy.oeiizk.waw.pl\/2024\/wp-json\/wp\/v2\/media?parent=123"}],"curies":[{"name":"wp","href":"https:\/\/api.w.org\/{rel}","templated":true}]}}