{"id":17,"date":"2023-07-23T15:31:06","date_gmt":"2023-07-23T13:31:06","guid":{"rendered":"https:\/\/dyrektorzy.oeiizk.waw.pl\/2024\/?page_id=17"},"modified":"2024-07-12T13:15:53","modified_gmt":"2024-07-12T11:15:53","slug":"program","status":"publish","type":"page","link":"https:\/\/dyrektorzy.oeiizk.waw.pl\/2024\/program\/","title":{"rendered":"Program (Edycja Warszawa, 11 wrze\u015bnia 2024)"},"content":{"rendered":"\n<figure class=\"wp-block-table\"><table><tbody><tr><td><strong>10:30<\/strong><\/td><td><strong>Rejestracja uczestnik\u00f3w<\/strong> (budynek&nbsp;Polsko-Japo\u0144skiej Akademii Technik Komputerowych, ul. Koszykowa 86), zwiedzanie stoisk partner\u00f3w<\/td><\/tr><tr><td><strong>11:00<\/strong><\/td><td><strong>Rozpocz\u0119cie konferencji<\/strong><\/td><\/tr><tr><td>11:20<\/td><td><a href=\"https:\/\/dyrektorzy.oeiizk.waw.pl\/2024\/2024\/07\/12\/jak-sie-uczyc-w-dobie-ai\/\"><em><em>Jak (si\u0119) uczy\u0107 w dobie AI?<\/em><\/em><br><\/a>Prowadz\u0105cy: <a href=\"https:\/\/dyrektorzy.oeiizk.waw.pl\/2024\/prelegenci\/#MTG\">Micha\u0142 Grze\u015blak<\/a>, <a href=\"https:\/\/dyrektorzy.oeiizk.waw.pl\/2024\/prelegenci\/#AG\">Anna Grzybowska<\/a><\/td><\/tr><tr><td>11:55<\/td><td><em><a href=\"https:\/\/dyrektorzy.oeiizk.waw.pl\/2024\/2024\/07\/12\/szkola-w-czasach-pokolenia-alfa\/\">Szko\u0142a w czasach pokolenia Alfa<\/a><\/em><br>Prowadz\u0105cy: <a href=\"https:\/\/dyrektorzy.oeiizk.waw.pl\/2024\/prelegenci#EPN\">El\u017cbieta Pry\u0142owska-Nowak<\/a>, <a href=\"https:\/\/dyrektorzy.oeiizk.waw.pl\/2024\/prelegenci\/#JSW\">Janusz S. Wierzbicki<\/a><\/td><\/tr><tr><td>12:15<\/td><td><em>Oferta O\u015brodka na rok szkolny 2024\/2025<\/em><\/td><\/tr><tr><td>12:30<\/td><td><strong>Przerwa na kaw\u0119, zwiedzanie stoisk partner\u00f3w <\/strong><\/td><\/tr><tr><td>13:00<\/td><td><a href=\"https:\/\/dyrektorzy.oeiizk.waw.pl\/2024\/2024\/07\/12\/szkola-otwarta-na-zmiany-jak-ja-budowac-panel-dyskusyjny\/\"><em><em>Szko\u0142a otwarta na zmiany \u2013 jak j\u0105 budowa\u0107 <\/em>(panel dyskusyjny)<\/em><br><\/a>Prowadz\u0105cy: <a href=\"https:\/\/dyrektorzy.oeiizk.waw.pl\/2024\/prelegenci\/#DJ\">Dorota Janczak<\/a><\/td><\/tr><tr><td>14:10<\/td><td><em><a href=\"https:\/\/dyrektorzy.oeiizk.waw.pl\/2024\/2024\/07\/12\/jak-sie-odnalezc-w-cyfrowym-swiecie\/\">Jak si\u0119 odnale\u017a\u0107 w cyfrowym \u015bwiecie?<\/a><\/em><br>Prowadz\u0105cy: <a href=\"https:\/\/dyrektorzy.oeiizk.waw.pl\/2024\/prelegenci\/#BK\">Bart\u0142omiej Krowiak<\/a>, <a href=\"https:\/\/dyrektorzy.oeiizk.waw.pl\/2024\/prelegenci\/#MP\">Marcin Pawlik<\/a><\/td><\/tr><tr><td>14:30<\/td><td><em><em><a href=\"https:\/\/dyrektorzy.oeiizk.waw.pl\/2024\/2024\/07\/12\/z-dziennika-pokladowego-ucznia-motywujemy-do-pracy\/\">Z dziennika pok\u0142adowego ucznia \u2013 motywujemy do pracy<\/a><\/em><\/em><br>Prowadz\u0105ce: <a href=\"https:\/\/dyrektorzy.oeiizk.waw.pl\/2024\/prelegenci\/#RR\">Renata Rudnicka<\/a><\/td><\/tr><tr><td>14:50<\/td><td><em><a href=\"https:\/\/dyrektorzy.oeiizk.waw.pl\/2024\/2024\/07\/12\/nauczyciel-w-opalach-kilka-slow-o-cyberzagrozeniach-w-szkole\/\">Nauczyciel w opa\u0142ach \u2013 kilka s\u0142\u00f3w o cyberzagro\u017ceniach w szkole<\/a><\/em><br>Prowadz\u0105cy: <a href=\"https:\/\/dyrektorzy.oeiizk.waw.pl\/2024\/prelegenci\/#MTG2\">Micha\u0142 Grze\u015blak<\/a><\/td><\/tr><tr><td><strong>15:30<\/strong><\/td><td><strong>Zako\u0144czenie konferencji<\/strong><\/td><\/tr><\/tbody><\/table><\/figure>\n","protected":false},"excerpt":{"rendered":"<p>10:30 Rejestracja uczestnik\u00f3w (budynek&nbsp;Polsko-Japo\u0144skiej Akademii Technik Komputerowych, ul. Koszykowa 86), zwiedzanie stoisk partner\u00f3w 11:00 Rozpocz\u0119cie konferencji 11:20 Jak (si\u0119) uczy\u0107 w dobie AI?Prowadz\u0105cy: Micha\u0142 Grze\u015blak, Anna Grzybowska 11:55 Szko\u0142a w czasach pokolenia AlfaProwadz\u0105cy: El\u017cbieta Pry\u0142owska-Nowak, Janusz S. Wierzbicki 12:15 Oferta O\u015brodka na rok szkolny 2024\/2025 12:30 Przerwa na kaw\u0119, zwiedzanie stoisk partner\u00f3w 13:00 Szko\u0142a otwarta [&hellip;]<\/p>\n","protected":false},"author":1,"featured_media":0,"parent":0,"menu_order":0,"comment_status":"closed","ping_status":"closed","template":"","meta":{"footnotes":""},"class_list":["post-17","page","type-page","status-publish","hentry"],"_links":{"self":[{"href":"https:\/\/dyrektorzy.oeiizk.waw.pl\/2024\/wp-json\/wp\/v2\/pages\/17","targetHints":{"allow":["GET"]}}],"collection":[{"href":"https:\/\/dyrektorzy.oeiizk.waw.pl\/2024\/wp-json\/wp\/v2\/pages"}],"about":[{"href":"https:\/\/dyrektorzy.oeiizk.waw.pl\/2024\/wp-json\/wp\/v2\/types\/page"}],"author":[{"embeddable":true,"href":"https:\/\/dyrektorzy.oeiizk.waw.pl\/2024\/wp-json\/wp\/v2\/users\/1"}],"replies":[{"embeddable":true,"href":"https:\/\/dyrektorzy.oeiizk.waw.pl\/2024\/wp-json\/wp\/v2\/comments?post=17"}],"version-history":[{"count":15,"href":"https:\/\/dyrektorzy.oeiizk.waw.pl\/2024\/wp-json\/wp\/v2\/pages\/17\/revisions"}],"predecessor-version":[{"id":345,"href":"https:\/\/dyrektorzy.oeiizk.waw.pl\/2024\/wp-json\/wp\/v2\/pages\/17\/revisions\/345"}],"wp:attachment":[{"href":"https:\/\/dyrektorzy.oeiizk.waw.pl\/2024\/wp-json\/wp\/v2\/media?parent=17"}],"curies":[{"name":"wp","href":"https:\/\/api.w.org\/{rel}","templated":true}]}}