{"id":20,"date":"2024-07-12T12:08:08","date_gmt":"2024-07-12T10:08:08","guid":{"rendered":"https:\/\/dyrektorzy.oeiizk.waw.pl\/2024\/?page_id=20"},"modified":"2024-07-12T12:35:41","modified_gmt":"2024-07-12T10:35:41","slug":"warunki-uczestnictwa","status":"publish","type":"page","link":"https:\/\/dyrektorzy.oeiizk.waw.pl\/2024\/warunki-uczestnictwa\/","title":{"rendered":"Warunki uczestnictwa (Warszawa, 11 wrze\u015bnia 2024)"},"content":{"rendered":"\n<h2 class=\"wp-block-heading\"><strong>Kto mo\u017ce wzi\u0105\u0107 udzia\u0142 w konferencji?&nbsp;<\/strong><\/h2>\n\n\n\n<p>W konferencji mog\u0105 wzi\u0105\u0107 udzia\u0142 dyrektorzy wszystkich typ\u00f3w szk\u00f3\u0142 i plac\u00f3wek o\u015bwiatowych <strong>wojew\u00f3dztwa mazowieckiego<\/strong>.<\/p>\n\n\n\n<h2 class=\"wp-block-heading\"><strong>Ile kosztuje udzia\u0142 w konferencji?<\/strong><\/h2>\n\n\n\n<p>Udzia\u0142 w konferencji jest<strong>&nbsp;bezp\u0142atny<\/strong>.&nbsp;<\/p>\n\n\n\n<h2 class=\"wp-block-heading\"><strong>Jak wzi\u0105\u0107 udzia\u0142 w konferencji?<\/strong><strong><\/strong><\/h2>\n\n\n\n<p>Aby wzi\u0105\u0107 udzia\u0142 w konferencji nale\u017cy&nbsp;<strong>wype\u0142ni\u0107 i przes\u0142a\u0107 formularz rejestracyjny online<\/strong>, kt\u00f3ry b\u0119dzie dost\u0119pny na naszej stronie w zak\u0142adce&nbsp;<strong>Rejestracja<\/strong>. Na adres e-mail podany podczas rejestracji przes\u0142ane zostanie potwierdzenie zapisania si\u0119 na konferencj\u0119.<\/p>\n\n\n\n<h2 class=\"wp-block-heading\"><strong>Kiedy i gdzie odb\u0119dzie si\u0119 konferencja?<\/strong><\/h2>\n\n\n\n<p>Konferencja odb\u0119dzie si\u0119&nbsp;<strong>11 wrze\u015bnia 2024 r.&nbsp;<\/strong>(\u015broda)&nbsp;<strong>w Polsko-Japo\u0144skiej Akademii Technik Komputerowych<\/strong>,&nbsp;<strong>ul. Koszykowa 86<\/strong>, aula A1 (nowy budynek), w godzinach 10:30\u201315:30.<\/p>\n\n\n\n<h2 class=\"wp-block-heading\"><strong>Czy otrzymam za\u015bwiadczenie o udziale w konferencji?<\/strong><strong><\/strong><\/h2>\n\n\n\n<p>Tak, ka\u017cdy uczestnik otrzyma za\u015bwiadczenie o udziale w konferencji.<\/p>\n\n\n\n<h2 class=\"wp-block-heading\"><strong>Parking<\/strong><\/h2>\n\n\n\n<p>W&nbsp;okolicy miejsca konferencji obowi\u0105zuje strefa p\u0142atnego parkowania. Organizatorzy nie zapewniaj\u0105 wolnych i bezp\u0142atnych miejsc parkingowych.&nbsp;Konferencja odbywa si\u0119 w&nbsp;<strong>centrum Warszawy<\/strong>, w pobli\u017cu Pl. Zawiszy. Sugerujemy skorzystanie ze \u015brodk\u00f3w komunikacji publicznej.<\/p>\n","protected":false},"excerpt":{"rendered":"<p>Kto mo\u017ce wzi\u0105\u0107 udzia\u0142 w konferencji?&nbsp; W konferencji mog\u0105 wzi\u0105\u0107 udzia\u0142 dyrektorzy wszystkich typ\u00f3w szk\u00f3\u0142 i plac\u00f3wek o\u015bwiatowych wojew\u00f3dztwa mazowieckiego. Ile kosztuje udzia\u0142 w konferencji? Udzia\u0142 w konferencji jest&nbsp;bezp\u0142atny.&nbsp; Jak wzi\u0105\u0107 udzia\u0142 w konferencji? Aby wzi\u0105\u0107 udzia\u0142 w konferencji nale\u017cy&nbsp;wype\u0142ni\u0107 i przes\u0142a\u0107 formularz rejestracyjny online, kt\u00f3ry b\u0119dzie dost\u0119pny na naszej stronie w zak\u0142adce&nbsp;Rejestracja. Na adres [&hellip;]<\/p>\n","protected":false},"author":1,"featured_media":0,"parent":0,"menu_order":0,"comment_status":"closed","ping_status":"closed","template":"","meta":{"footnotes":""},"class_list":["post-20","page","type-page","status-publish","hentry"],"_links":{"self":[{"href":"https:\/\/dyrektorzy.oeiizk.waw.pl\/2024\/wp-json\/wp\/v2\/pages\/20","targetHints":{"allow":["GET"]}}],"collection":[{"href":"https:\/\/dyrektorzy.oeiizk.waw.pl\/2024\/wp-json\/wp\/v2\/pages"}],"about":[{"href":"https:\/\/dyrektorzy.oeiizk.waw.pl\/2024\/wp-json\/wp\/v2\/types\/page"}],"author":[{"embeddable":true,"href":"https:\/\/dyrektorzy.oeiizk.waw.pl\/2024\/wp-json\/wp\/v2\/users\/1"}],"replies":[{"embeddable":true,"href":"https:\/\/dyrektorzy.oeiizk.waw.pl\/2024\/wp-json\/wp\/v2\/comments?post=20"}],"version-history":[{"count":5,"href":"https:\/\/dyrektorzy.oeiizk.waw.pl\/2024\/wp-json\/wp\/v2\/pages\/20\/revisions"}],"predecessor-version":[{"id":331,"href":"https:\/\/dyrektorzy.oeiizk.waw.pl\/2024\/wp-json\/wp\/v2\/pages\/20\/revisions\/331"}],"wp:attachment":[{"href":"https:\/\/dyrektorzy.oeiizk.waw.pl\/2024\/wp-json\/wp\/v2\/media?parent=20"}],"curies":[{"name":"wp","href":"https:\/\/api.w.org\/{rel}","templated":true}]}}